{"id":459,"date":"2025-05-14T12:21:19","date_gmt":"2025-05-14T12:21:19","guid":{"rendered":"https:\/\/bibazu.com\/?page_id=459"},"modified":"2025-05-21T16:02:17","modified_gmt":"2025-05-21T16:02:17","slug":"preguntas_frecuentes","status":"publish","type":"page","link":"https:\/\/bibazu.com\/index.php\/preguntas_frecuentes\/","title":{"rendered":"Preguntas frecuentes"},"content":{"rendered":"\t\t<div data-elementor-type=\"wp-page\" data-elementor-id=\"459\" class=\"elementor elementor-459\">\n\t\t\t\t<div class=\"elementor-element elementor-element-52d5c911 e-flex e-con-boxed wpr-particle-no wpr-jarallax-no wpr-parallax-no wpr-sticky-section-no wpr-equal-height-no e-con e-parent\" data-id=\"52d5c911\" data-element_type=\"container\" data-e-type=\"container\">\n\t\t\t\t\t<div class=\"e-con-inner\">\n\t\t\t\t<div class=\"elementor-element elementor-element-74686ffc elementor-widget elementor-widget-heading\" data-id=\"74686ffc\" data-element_type=\"widget\" data-e-type=\"widget\" data-widget_type=\"heading.default\">\n\t\t\t\t<div class=\"elementor-widget-container\">\n\t\t\t\t\t<h2 class=\"elementor-heading-title elementor-size-default\">BIBAZU<\/h2>\t\t\t\t<\/div>\n\t\t\t\t<\/div>\n\t\t\t\t<div class=\"elementor-element elementor-element-3f8fa6a6 elementor-widget-divider--view-line elementor-widget elementor-widget-divider\" data-id=\"3f8fa6a6\" data-element_type=\"widget\" data-e-type=\"widget\" data-widget_type=\"divider.default\">\n\t\t\t\t<div class=\"elementor-widget-container\">\n\t\t\t\t\t\t\t<div class=\"elementor-divider\">\n\t\t\t<span class=\"elementor-divider-separator\">\n\t\t\t\t\t\t<\/span>\n\t\t<\/div>\n\t\t\t\t\t\t<\/div>\n\t\t\t\t<\/div>\n\t\t\t\t\t<\/div>\n\t\t\t\t<\/div>\n\t\t<div class=\"elementor-element elementor-element-1b0ef722 e-flex e-con-boxed wpr-particle-no wpr-jarallax-no wpr-parallax-no wpr-sticky-section-no wpr-equal-height-no e-con e-parent\" data-id=\"1b0ef722\" data-element_type=\"container\" data-e-type=\"container\">\n\t\t\t\t\t<div class=\"e-con-inner\">\n\t\t\t\t<div class=\"elementor-element elementor-element-5e8df7db elementor-widget elementor-widget-image\" data-id=\"5e8df7db\" data-element_type=\"widget\" data-e-type=\"widget\" data-widget_type=\"image.default\">\n\t\t\t\t<div class=\"elementor-widget-container\">\n\t\t\t\t\t\t\t\t\t\t\t\t\t\t\t<img fetchpriority=\"high\" decoding=\"async\" width=\"1024\" height=\"322\" src=\"https:\/\/bibazu.com\/wp-content\/uploads\/2025\/05\/Bidalketak-1024x322.jpg\" class=\"attachment-large size-large wp-image-461\" alt=\"\" srcset=\"https:\/\/bibazu.com\/wp-content\/uploads\/2025\/05\/Bidalketak-1024x322.jpg 1024w, https:\/\/bibazu.com\/wp-content\/uploads\/2025\/05\/Bidalketak-300x94.jpg 300w, https:\/\/bibazu.com\/wp-content\/uploads\/2025\/05\/Bidalketak-768x241.jpg 768w, https:\/\/bibazu.com\/wp-content\/uploads\/2025\/05\/Bidalketak-454x143.jpg 454w, https:\/\/bibazu.com\/wp-content\/uploads\/2025\/05\/Bidalketak.jpg 1244w\" sizes=\"(max-width: 1024px) 100vw, 1024px\" \/>\t\t\t\t\t\t\t\t\t\t\t\t\t\t\t<\/div>\n\t\t\t\t<\/div>\n\t\t<div class=\"elementor-element elementor-element-7fb1bc20 e-grid e-con-full wpr-particle-no wpr-jarallax-no wpr-parallax-no wpr-sticky-section-no wpr-equal-height-no e-con e-child\" data-id=\"7fb1bc20\" data-element_type=\"container\" data-e-type=\"container\">\n\t\t\t\t<div class=\"elementor-element elementor-element-154a8c47 elementor-widget elementor-widget-text-editor\" data-id=\"154a8c47\" data-element_type=\"widget\" data-e-type=\"widget\" data-widget_type=\"text-editor.default\">\n\t\t\t\t<div class=\"elementor-widget-container\">\n\t\t\t\t\t\t\t\t\t<p><span style=\"font-size: 14px; color: #4a4a4a;\">Eskarien bidalketak hurrengo 48\/72 ordutan egingo dira, jasoko dituzu eskaera egiteko orduan. <\/span><\/p><p><span style=\"font-size: 14px; color: #4a4a4a;\">Bidalketak doakoak dira.<\/span><\/p>\t\t\t\t\t\t\t\t<\/div>\n\t\t\t\t<\/div>\n\t\t\t\t<div class=\"elementor-element elementor-element-64c0b9b0 elementor-widget elementor-widget-text-editor\" data-id=\"64c0b9b0\" data-element_type=\"widget\" data-e-type=\"widget\" data-widget_type=\"text-editor.default\">\n\t\t\t\t<div class=\"elementor-widget-container\">\n\t\t\t\t\t\t\t\t\t<p>Los env\u00edos de los pedidos se realizar\u00e1n, y los recibir\u00e1s, en las 48\/72 horas h\u00e1biles siguientes a la hora de realizaci\u00f3n del pedido.<\/p><p>Los envios son gratuitos.<\/p>\t\t\t\t\t\t\t\t<\/div>\n\t\t\t\t<\/div>\n\t\t\t\t<\/div>\n\t\t\t\t\t<\/div>\n\t\t\t\t<\/div>\n\t\t<div class=\"elementor-element elementor-element-5296f85f e-flex e-con-boxed wpr-particle-no wpr-jarallax-no wpr-parallax-no wpr-sticky-section-no wpr-equal-height-no e-con e-parent\" data-id=\"5296f85f\" data-element_type=\"container\" data-e-type=\"container\">\n\t\t\t\t\t<div class=\"e-con-inner\">\n\t\t\t\t<div class=\"elementor-element elementor-element-382a5382 elementor-widget elementor-widget-image\" data-id=\"382a5382\" data-element_type=\"widget\" data-e-type=\"widget\" data-widget_type=\"image.default\">\n\t\t\t\t<div class=\"elementor-widget-container\">\n\t\t\t\t\t\t\t\t\t\t\t\t\t\t\t<img decoding=\"async\" width=\"1024\" height=\"322\" src=\"https:\/\/bibazu.com\/wp-content\/uploads\/2025\/05\/Itzulketak-1024x322.jpg\" class=\"attachment-large size-large wp-image-462\" alt=\"\" srcset=\"https:\/\/bibazu.com\/wp-content\/uploads\/2025\/05\/Itzulketak-1024x322.jpg 1024w, https:\/\/bibazu.com\/wp-content\/uploads\/2025\/05\/Itzulketak-300x94.jpg 300w, https:\/\/bibazu.com\/wp-content\/uploads\/2025\/05\/Itzulketak-768x241.jpg 768w, https:\/\/bibazu.com\/wp-content\/uploads\/2025\/05\/Itzulketak-454x143.jpg 454w, https:\/\/bibazu.com\/wp-content\/uploads\/2025\/05\/Itzulketak.jpg 1244w\" sizes=\"(max-width: 1024px) 100vw, 1024px\" \/>\t\t\t\t\t\t\t\t\t\t\t\t\t\t\t<\/div>\n\t\t\t\t<\/div>\n\t\t<div class=\"elementor-element elementor-element-7a71b837 e-grid e-con-full wpr-particle-no wpr-jarallax-no wpr-parallax-no wpr-sticky-section-no wpr-equal-height-no e-con e-child\" data-id=\"7a71b837\" data-element_type=\"container\" data-e-type=\"container\">\n\t\t\t\t<div class=\"elementor-element elementor-element-ab5863b elementor-widget elementor-widget-text-editor\" data-id=\"ab5863b\" data-element_type=\"widget\" data-e-type=\"widget\" data-widget_type=\"text-editor.default\">\n\t\t\t\t<div class=\"elementor-widget-container\">\n\t\t\t\t\t\t\t\t\t<p>Edozein aldaketa egiteko, jarri gurekin harremanetan e-mail bidez.&nbsp;<\/p><p>Aldaketak sortutako bidalketa-gastuak bezeroaren kontura izango dira. Bidalketa berriaren gastuak BIBAZU-K ordainduko ditu.<\/p>\n<p>Bidalketa-gastuak ez dira itzulgarriak.<\/p>\n<p>Non bizi zaren kontuan hartuta, zure produktua trukatzeko denbora zugana iristea alda daiteke.<\/p>\n<p>Ez dugu bermatzen itzulitako artikulua jasoko dugunik.<\/p>\n<p>Aldaketa bat egiteko epea 15 egunekoa izango da eskaera jasotzen denetik.<\/p>\n<p>Eskaera egin aurretik artikuluari buruzko zalantzarik baduzu, mesedez, jar zaitez gurekin harremanetan.<\/p>\n<p>Aldaketa baterako hautagai izateko, artikulua erabili gabe eta jaso zuen baldintza berberetan egon behar da.<\/p>\n<p>Jatorrizko enbalajean ere e gon behar du.<\/p>\n<p>Zure itzulketa\/aldaketa osatzeko, eskaera zenbakia eskatzen dizugu.<\/p>\n<p>Jatorrizko egoeran ez dagoen edozein artikulu, kaltetuta badago edo zati bat falta bada gure akatsaren ondorio izan ez diren arrazoiengatik, ezin izango da aldatu.<\/p>\t\t\t\t\t\t\t\t<\/div>\n\t\t\t\t<\/div>\n\t\t\t\t<div class=\"elementor-element elementor-element-1eb5a2d5 elementor-widget elementor-widget-text-editor\" data-id=\"1eb5a2d5\" data-element_type=\"widget\" data-e-type=\"widget\" data-widget_type=\"text-editor.default\">\n\t\t\t\t<div class=\"elementor-widget-container\">\n\t\t\t\t\t\t\t\t\t<p>Para cualquier cambio cont\u00e1ctanos via e-mail. Los gastos de env\u00edo generados por el cambio corren por cuenta del cliente. Los gastos del nuevo env\u00edo correr\u00e1n a cuenta de Bibazu.<\/p><p>Los gastos de env\u00edo no son reembolsables.<\/p><p>Dependiendo de d\u00f3nde viva, el tiempo que le lleve a su producto intercambiado llegar hasta a usted puede variar.<\/p><p>No garantizamos que recibamos su art\u00edculo devuelto. El per\u00edodo para realizar un cambio ser\u00e1 de 15 d\u00edas desde que se recibe el pedido.<\/p><p>Si tienes alguna duda sobre el art\u00edculo antes de realizar el pedido, por favor ponte en contacto con nosotros.<\/p><p>Para ser elegible para un cambio, el art\u00edculo debe estar sin uso y en las mismas condiciones en que lo recibi\u00f3.<\/p><p>Cualquier art\u00edculo que no se encuentre en su estado original, est\u00e9 da\u00f1ado o falte una parte por razones que no se debieron a nuestro error, no ser\u00e1 elegible para su cambio.<\/p>\t\t\t\t\t\t\t\t<\/div>\n\t\t\t\t<\/div>\n\t\t\t\t<\/div>\n\t\t\t\t\t<\/div>\n\t\t\t\t<\/div>\n\t\t\t\t<\/div>\n\t\t","protected":false},"excerpt":{"rendered":"<p>BIBAZU Eskarien bidalketak hurrengo 48\/72 ordutan egingo dira, jasoko dituzu eskaera egiteko orduan. Bidalketak doakoak dira. Los env\u00edos de los pedidos se realizar\u00e1n, y los recibir\u00e1s, en las 48\/72 horas h\u00e1biles siguientes a la hora de realizaci\u00f3n del pedido. Los envios son gratuitos. Edozein aldaketa egiteko, jarri gurekin harremanetan e-mail bidez.&nbsp; Aldaketak sortutako bidalketa-gastuak bezeroaren kontura izango dira. Bidalketa berriaren gastuak BIBAZU-K ordainduko ditu. Bidalketa-gastuak ez dira itzulgarriak. Non bizi zaren kontuan hartuta, zure produktua trukatzeko denbora zugana iristea alda daiteke. Ez dugu bermatzen itzulitako artikulua jasoko dugunik. Aldaketa bat egiteko epea 15 egunekoa izango da eskaera jasotzen denetik. Eskaera egin aurretik artikuluari buruzko zalantzarik baduzu, mesedez, jar zaitez gurekin harremanetan. Aldaketa baterako hautagai izateko, artikulua erabili gabe eta jaso zuen baldintza berberetan egon behar da. Jatorrizko enbalajean ere e gon behar du. Zure itzulketa\/aldaketa osatzeko, eskaera zenbakia eskatzen dizugu. Jatorrizko egoeran ez dagoen edozein artikulu, kaltetuta badago edo zati bat falta bada gure akatsaren ondorio izan ez diren arrazoiengatik, ezin izango da aldatu. Para cualquier cambio cont\u00e1ctanos via e-mail. Los gastos de env\u00edo generados por el cambio corren por cuenta del cliente. Los gastos del nuevo env\u00edo correr\u00e1n a cuenta de Bibazu. Los gastos de env\u00edo no son reembolsables. Dependiendo de d\u00f3nde viva, el tiempo que le lleve a su producto intercambiado llegar hasta a usted puede variar. No garantizamos que recibamos su art\u00edculo devuelto. El per\u00edodo para realizar un cambio ser\u00e1 de 15 d\u00edas desde que se recibe el pedido. Si tienes alguna duda sobre el art\u00edculo antes de realizar el pedido, por favor ponte en contacto con nosotros. Para ser elegible para un cambio, el art\u00edculo debe estar sin uso y en las mismas condiciones en que lo recibi\u00f3. Cualquier art\u00edculo que no se encuentre en su estado original, est\u00e9 da\u00f1ado o falte una parte por razones que no se debieron a nuestro error, no ser\u00e1 elegible para su cambio.<\/p>\n","protected":false},"author":1,"featured_media":0,"parent":0,"menu_order":0,"comment_status":"closed","ping_status":"closed","template":"","meta":{"ocean_post_layout":"","ocean_both_sidebars_style":"","ocean_both_sidebars_content_width":0,"ocean_both_sidebars_sidebars_width":0,"ocean_sidebar":"","ocean_second_sidebar":"","ocean_disable_margins":"enable","ocean_add_body_class":"","ocean_shortcode_before_top_bar":"","ocean_shortcode_after_top_bar":"","ocean_shortcode_before_header":"","ocean_shortcode_after_header":"","ocean_has_shortcode":"","ocean_shortcode_after_title":"","ocean_shortcode_before_footer_widgets":"","ocean_shortcode_after_footer_widgets":"","ocean_shortcode_before_footer_bottom":"","ocean_shortcode_after_footer_bottom":"","ocean_display_top_bar":"default","ocean_display_header":"default","ocean_header_style":"","ocean_center_header_left_menu":"","ocean_custom_header_template":"","ocean_custom_logo":0,"ocean_custom_retina_logo":0,"ocean_custom_logo_max_width":0,"ocean_custom_logo_tablet_max_width":0,"ocean_custom_logo_mobile_max_width":0,"ocean_custom_logo_max_height":0,"ocean_custom_logo_tablet_max_height":0,"ocean_custom_logo_mobile_max_height":0,"ocean_header_custom_menu":"","ocean_menu_typo_font_family":"","ocean_menu_typo_font_subset":"","ocean_menu_typo_font_size":0,"ocean_menu_typo_font_size_tablet":0,"ocean_menu_typo_font_size_mobile":0,"ocean_menu_typo_font_size_unit":"px","ocean_menu_typo_font_weight":"","ocean_menu_typo_font_weight_tablet":"","ocean_menu_typo_font_weight_mobile":"","ocean_menu_typo_transform":"","ocean_menu_typo_transform_tablet":"","ocean_menu_typo_transform_mobile":"","ocean_menu_typo_line_height":0,"ocean_menu_typo_line_height_tablet":0,"ocean_menu_typo_line_height_mobile":0,"ocean_menu_typo_line_height_unit":"","ocean_menu_typo_spacing":0,"ocean_menu_typo_spacing_tablet":0,"ocean_menu_typo_spacing_mobile":0,"ocean_menu_typo_spacing_unit":"","ocean_menu_link_color":"","ocean_menu_link_color_hover":"","ocean_menu_link_color_active":"","ocean_menu_link_background":"","ocean_menu_link_hover_background":"","ocean_menu_link_active_background":"","ocean_menu_social_links_bg":"","ocean_menu_social_hover_links_bg":"","ocean_menu_social_links_color":"","ocean_menu_social_hover_links_color":"","ocean_disable_title":"default","ocean_disable_heading":"default","ocean_post_title":"","ocean_post_subheading":"","ocean_post_title_style":"","ocean_post_title_background_color":"","ocean_post_title_background":0,"ocean_post_title_bg_image_position":"","ocean_post_title_bg_image_attachment":"","ocean_post_title_bg_image_repeat":"","ocean_post_title_bg_image_size":"","ocean_post_title_height":0,"ocean_post_title_bg_overlay":0.5,"ocean_post_title_bg_overlay_color":"","ocean_disable_breadcrumbs":"default","ocean_breadcrumbs_color":"","ocean_breadcrumbs_separator_color":"","ocean_breadcrumbs_links_color":"","ocean_breadcrumbs_links_hover_color":"","ocean_display_footer_widgets":"default","ocean_display_footer_bottom":"default","ocean_custom_footer_template":"","omw_enable_modal_window":"enable","footnotes":""},"class_list":["post-459","page","type-page","status-publish","hentry","entry","owp-thumbs-layout-horizontal","owp-btn-normal","owp-tabs-layout-horizontal","has-no-thumbnails","has-product-nav"],"yoast_head":"<!-- This site is optimized with the Yoast SEO plugin v27.4 - https:\/\/yoast.com\/product\/yoast-seo-wordpress\/ -->\n<title>Preguntas frecuentes - BIBA ZU<\/title>\n<meta name=\"robots\" content=\"index, follow, max-snippet:-1, max-image-preview:large, max-video-preview:-1\" \/>\n<link rel=\"canonical\" href=\"https:\/\/bibazu.com\/index.php\/preguntas_frecuentes\/\" \/>\n<meta property=\"og:locale\" content=\"es_ES\" \/>\n<meta property=\"og:type\" content=\"article\" \/>\n<meta property=\"og:title\" content=\"Preguntas frecuentes - BIBA ZU\" \/>\n<meta property=\"og:description\" content=\"BIBAZU Eskarien bidalketak hurrengo 48\/72 ordutan egingo dira, jasoko dituzu eskaera egiteko orduan. Bidalketak doakoak dira. Los env\u00edos de los pedidos se realizar\u00e1n, y los recibir\u00e1s, en las 48\/72 horas h\u00e1biles siguientes a la hora de realizaci\u00f3n del pedido. Los envios son gratuitos. Edozein aldaketa egiteko, jarri gurekin harremanetan e-mail bidez.&nbsp; Aldaketak sortutako bidalketa-gastuak bezeroaren kontura izango dira. Bidalketa berriaren gastuak BIBAZU-K ordainduko ditu. Bidalketa-gastuak ez dira itzulgarriak. Non bizi zaren kontuan hartuta, zure produktua trukatzeko denbora zugana iristea alda daiteke. Ez dugu bermatzen itzulitako artikulua jasoko dugunik. Aldaketa bat egiteko epea 15 egunekoa izango da eskaera jasotzen denetik. Eskaera egin aurretik artikuluari buruzko zalantzarik baduzu, mesedez, jar zaitez gurekin harremanetan. Aldaketa baterako hautagai izateko, artikulua erabili gabe eta jaso zuen baldintza berberetan egon behar da. Jatorrizko enbalajean ere e gon behar du. Zure itzulketa\/aldaketa osatzeko, eskaera zenbakia eskatzen dizugu. Jatorrizko egoeran ez dagoen edozein artikulu, kaltetuta badago edo zati bat falta bada gure akatsaren ondorio izan ez diren arrazoiengatik, ezin izango da aldatu. Para cualquier cambio cont\u00e1ctanos via e-mail. Los gastos de env\u00edo generados por el cambio corren por cuenta del cliente. Los gastos del nuevo env\u00edo correr\u00e1n a cuenta de Bibazu. Los gastos de env\u00edo no son reembolsables. Dependiendo de d\u00f3nde viva, el tiempo que le lleve a su producto intercambiado llegar hasta a usted puede variar. No garantizamos que recibamos su art\u00edculo devuelto. El per\u00edodo para realizar un cambio ser\u00e1 de 15 d\u00edas desde que se recibe el pedido. Si tienes alguna duda sobre el art\u00edculo antes de realizar el pedido, por favor ponte en contacto con nosotros. Para ser elegible para un cambio, el art\u00edculo debe estar sin uso y en las mismas condiciones en que lo recibi\u00f3. Cualquier art\u00edculo que no se encuentre en su estado original, est\u00e9 da\u00f1ado o falte una parte por razones que no se debieron a nuestro error, no ser\u00e1 elegible para su cambio.\" \/>\n<meta property=\"og:url\" content=\"https:\/\/bibazu.com\/index.php\/preguntas_frecuentes\/\" \/>\n<meta property=\"og:site_name\" content=\"BIBA ZU\" \/>\n<meta property=\"article:modified_time\" content=\"2025-05-21T16:02:17+00:00\" \/>\n<meta property=\"og:image\" content=\"https:\/\/bibazu.com\/wp-content\/uploads\/2025\/05\/Bidalketak.jpg\" \/>\n\t<meta property=\"og:image:width\" content=\"1244\" \/>\n\t<meta property=\"og:image:height\" content=\"391\" \/>\n\t<meta property=\"og:image:type\" content=\"image\/jpeg\" \/>\n<meta name=\"twitter:card\" content=\"summary_large_image\" \/>\n<meta name=\"twitter:label1\" content=\"Tiempo de lectura\" \/>\n\t<meta name=\"twitter:data1\" content=\"2 minutos\" \/>\n<script type=\"application\/ld+json\" class=\"yoast-schema-graph\">{\"@context\":\"https:\\\/\\\/schema.org\",\"@graph\":[{\"@type\":\"WebPage\",\"@id\":\"https:\\\/\\\/bibazu.com\\\/index.php\\\/preguntas_frecuentes\\\/\",\"url\":\"https:\\\/\\\/bibazu.com\\\/index.php\\\/preguntas_frecuentes\\\/\",\"name\":\"Preguntas frecuentes - BIBA ZU\",\"isPartOf\":{\"@id\":\"https:\\\/\\\/bibazu.com\\\/#website\"},\"primaryImageOfPage\":{\"@id\":\"https:\\\/\\\/bibazu.com\\\/index.php\\\/preguntas_frecuentes\\\/#primaryimage\"},\"image\":{\"@id\":\"https:\\\/\\\/bibazu.com\\\/index.php\\\/preguntas_frecuentes\\\/#primaryimage\"},\"thumbnailUrl\":\"https:\\\/\\\/bibazu.com\\\/wp-content\\\/uploads\\\/2025\\\/05\\\/Bidalketak-1024x322.jpg\",\"datePublished\":\"2025-05-14T12:21:19+00:00\",\"dateModified\":\"2025-05-21T16:02:17+00:00\",\"breadcrumb\":{\"@id\":\"https:\\\/\\\/bibazu.com\\\/index.php\\\/preguntas_frecuentes\\\/#breadcrumb\"},\"inLanguage\":\"es\",\"potentialAction\":[{\"@type\":\"ReadAction\",\"target\":[\"https:\\\/\\\/bibazu.com\\\/index.php\\\/preguntas_frecuentes\\\/\"]}]},{\"@type\":\"ImageObject\",\"inLanguage\":\"es\",\"@id\":\"https:\\\/\\\/bibazu.com\\\/index.php\\\/preguntas_frecuentes\\\/#primaryimage\",\"url\":\"https:\\\/\\\/bibazu.com\\\/wp-content\\\/uploads\\\/2025\\\/05\\\/Bidalketak.jpg\",\"contentUrl\":\"https:\\\/\\\/bibazu.com\\\/wp-content\\\/uploads\\\/2025\\\/05\\\/Bidalketak.jpg\",\"width\":1244,\"height\":391},{\"@type\":\"BreadcrumbList\",\"@id\":\"https:\\\/\\\/bibazu.com\\\/index.php\\\/preguntas_frecuentes\\\/#breadcrumb\",\"itemListElement\":[{\"@type\":\"ListItem\",\"position\":1,\"name\":\"Portada\",\"item\":\"https:\\\/\\\/bibazu.com\\\/\"},{\"@type\":\"ListItem\",\"position\":2,\"name\":\"Preguntas frecuentes\"}]},{\"@type\":\"WebSite\",\"@id\":\"https:\\\/\\\/bibazu.com\\\/#website\",\"url\":\"https:\\\/\\\/bibazu.com\\\/\",\"name\":\"BIBA ZU\",\"description\":\"\",\"publisher\":{\"@id\":\"https:\\\/\\\/bibazu.com\\\/#organization\"},\"potentialAction\":[{\"@type\":\"SearchAction\",\"target\":{\"@type\":\"EntryPoint\",\"urlTemplate\":\"https:\\\/\\\/bibazu.com\\\/?s={search_term_string}\"},\"query-input\":{\"@type\":\"PropertyValueSpecification\",\"valueRequired\":true,\"valueName\":\"search_term_string\"}}],\"inLanguage\":\"es\"},{\"@type\":\"Organization\",\"@id\":\"https:\\\/\\\/bibazu.com\\\/#organization\",\"name\":\"BIBA ZU\",\"url\":\"https:\\\/\\\/bibazu.com\\\/\",\"logo\":{\"@type\":\"ImageObject\",\"inLanguage\":\"es\",\"@id\":\"https:\\\/\\\/bibazu.com\\\/#\\\/schema\\\/logo\\\/image\\\/\",\"url\":\"https:\\\/\\\/bibazu.com\\\/wp-content\\\/uploads\\\/2025\\\/04\\\/cropped-logo-biba.png\",\"contentUrl\":\"https:\\\/\\\/bibazu.com\\\/wp-content\\\/uploads\\\/2025\\\/04\\\/cropped-logo-biba.png\",\"width\":100,\"height\":28,\"caption\":\"BIBA ZU\"},\"image\":{\"@id\":\"https:\\\/\\\/bibazu.com\\\/#\\\/schema\\\/logo\\\/image\\\/\"}}]}<\/script>\n<!-- \/ Yoast SEO plugin. -->","yoast_head_json":{"title":"Preguntas frecuentes - BIBA ZU","robots":{"index":"index","follow":"follow","max-snippet":"max-snippet:-1","max-image-preview":"max-image-preview:large","max-video-preview":"max-video-preview:-1"},"canonical":"https:\/\/bibazu.com\/index.php\/preguntas_frecuentes\/","og_locale":"es_ES","og_type":"article","og_title":"Preguntas frecuentes - BIBA ZU","og_description":"BIBAZU Eskarien bidalketak hurrengo 48\/72 ordutan egingo dira, jasoko dituzu eskaera egiteko orduan. Bidalketak doakoak dira. Los env\u00edos de los pedidos se realizar\u00e1n, y los recibir\u00e1s, en las 48\/72 horas h\u00e1biles siguientes a la hora de realizaci\u00f3n del pedido. Los envios son gratuitos. Edozein aldaketa egiteko, jarri gurekin harremanetan e-mail bidez.&nbsp; Aldaketak sortutako bidalketa-gastuak bezeroaren kontura izango dira. Bidalketa berriaren gastuak BIBAZU-K ordainduko ditu. Bidalketa-gastuak ez dira itzulgarriak. Non bizi zaren kontuan hartuta, zure produktua trukatzeko denbora zugana iristea alda daiteke. Ez dugu bermatzen itzulitako artikulua jasoko dugunik. Aldaketa bat egiteko epea 15 egunekoa izango da eskaera jasotzen denetik. Eskaera egin aurretik artikuluari buruzko zalantzarik baduzu, mesedez, jar zaitez gurekin harremanetan. Aldaketa baterako hautagai izateko, artikulua erabili gabe eta jaso zuen baldintza berberetan egon behar da. Jatorrizko enbalajean ere e gon behar du. Zure itzulketa\/aldaketa osatzeko, eskaera zenbakia eskatzen dizugu. Jatorrizko egoeran ez dagoen edozein artikulu, kaltetuta badago edo zati bat falta bada gure akatsaren ondorio izan ez diren arrazoiengatik, ezin izango da aldatu. Para cualquier cambio cont\u00e1ctanos via e-mail. Los gastos de env\u00edo generados por el cambio corren por cuenta del cliente. Los gastos del nuevo env\u00edo correr\u00e1n a cuenta de Bibazu. Los gastos de env\u00edo no son reembolsables. Dependiendo de d\u00f3nde viva, el tiempo que le lleve a su producto intercambiado llegar hasta a usted puede variar. No garantizamos que recibamos su art\u00edculo devuelto. El per\u00edodo para realizar un cambio ser\u00e1 de 15 d\u00edas desde que se recibe el pedido. Si tienes alguna duda sobre el art\u00edculo antes de realizar el pedido, por favor ponte en contacto con nosotros. Para ser elegible para un cambio, el art\u00edculo debe estar sin uso y en las mismas condiciones en que lo recibi\u00f3. Cualquier art\u00edculo que no se encuentre en su estado original, est\u00e9 da\u00f1ado o falte una parte por razones que no se debieron a nuestro error, no ser\u00e1 elegible para su cambio.","og_url":"https:\/\/bibazu.com\/index.php\/preguntas_frecuentes\/","og_site_name":"BIBA ZU","article_modified_time":"2025-05-21T16:02:17+00:00","og_image":[{"width":1244,"height":391,"url":"https:\/\/bibazu.com\/wp-content\/uploads\/2025\/05\/Bidalketak.jpg","type":"image\/jpeg"}],"twitter_card":"summary_large_image","twitter_misc":{"Tiempo de lectura":"2 minutos"},"schema":{"@context":"https:\/\/schema.org","@graph":[{"@type":"WebPage","@id":"https:\/\/bibazu.com\/index.php\/preguntas_frecuentes\/","url":"https:\/\/bibazu.com\/index.php\/preguntas_frecuentes\/","name":"Preguntas frecuentes - BIBA ZU","isPartOf":{"@id":"https:\/\/bibazu.com\/#website"},"primaryImageOfPage":{"@id":"https:\/\/bibazu.com\/index.php\/preguntas_frecuentes\/#primaryimage"},"image":{"@id":"https:\/\/bibazu.com\/index.php\/preguntas_frecuentes\/#primaryimage"},"thumbnailUrl":"https:\/\/bibazu.com\/wp-content\/uploads\/2025\/05\/Bidalketak-1024x322.jpg","datePublished":"2025-05-14T12:21:19+00:00","dateModified":"2025-05-21T16:02:17+00:00","breadcrumb":{"@id":"https:\/\/bibazu.com\/index.php\/preguntas_frecuentes\/#breadcrumb"},"inLanguage":"es","potentialAction":[{"@type":"ReadAction","target":["https:\/\/bibazu.com\/index.php\/preguntas_frecuentes\/"]}]},{"@type":"ImageObject","inLanguage":"es","@id":"https:\/\/bibazu.com\/index.php\/preguntas_frecuentes\/#primaryimage","url":"https:\/\/bibazu.com\/wp-content\/uploads\/2025\/05\/Bidalketak.jpg","contentUrl":"https:\/\/bibazu.com\/wp-content\/uploads\/2025\/05\/Bidalketak.jpg","width":1244,"height":391},{"@type":"BreadcrumbList","@id":"https:\/\/bibazu.com\/index.php\/preguntas_frecuentes\/#breadcrumb","itemListElement":[{"@type":"ListItem","position":1,"name":"Portada","item":"https:\/\/bibazu.com\/"},{"@type":"ListItem","position":2,"name":"Preguntas frecuentes"}]},{"@type":"WebSite","@id":"https:\/\/bibazu.com\/#website","url":"https:\/\/bibazu.com\/","name":"BIBA ZU","description":"","publisher":{"@id":"https:\/\/bibazu.com\/#organization"},"potentialAction":[{"@type":"SearchAction","target":{"@type":"EntryPoint","urlTemplate":"https:\/\/bibazu.com\/?s={search_term_string}"},"query-input":{"@type":"PropertyValueSpecification","valueRequired":true,"valueName":"search_term_string"}}],"inLanguage":"es"},{"@type":"Organization","@id":"https:\/\/bibazu.com\/#organization","name":"BIBA ZU","url":"https:\/\/bibazu.com\/","logo":{"@type":"ImageObject","inLanguage":"es","@id":"https:\/\/bibazu.com\/#\/schema\/logo\/image\/","url":"https:\/\/bibazu.com\/wp-content\/uploads\/2025\/04\/cropped-logo-biba.png","contentUrl":"https:\/\/bibazu.com\/wp-content\/uploads\/2025\/04\/cropped-logo-biba.png","width":100,"height":28,"caption":"BIBA ZU"},"image":{"@id":"https:\/\/bibazu.com\/#\/schema\/logo\/image\/"}}]}},"_links":{"self":[{"href":"https:\/\/bibazu.com\/index.php\/wp-json\/wp\/v2\/pages\/459","targetHints":{"allow":["GET"]}}],"collection":[{"href":"https:\/\/bibazu.com\/index.php\/wp-json\/wp\/v2\/pages"}],"about":[{"href":"https:\/\/bibazu.com\/index.php\/wp-json\/wp\/v2\/types\/page"}],"author":[{"embeddable":true,"href":"https:\/\/bibazu.com\/index.php\/wp-json\/wp\/v2\/users\/1"}],"replies":[{"embeddable":true,"href":"https:\/\/bibazu.com\/index.php\/wp-json\/wp\/v2\/comments?post=459"}],"version-history":[{"count":23,"href":"https:\/\/bibazu.com\/index.php\/wp-json\/wp\/v2\/pages\/459\/revisions"}],"predecessor-version":[{"id":880,"href":"https:\/\/bibazu.com\/index.php\/wp-json\/wp\/v2\/pages\/459\/revisions\/880"}],"wp:attachment":[{"href":"https:\/\/bibazu.com\/index.php\/wp-json\/wp\/v2\/media?parent=459"}],"curies":[{"name":"wp","href":"https:\/\/api.w.org\/{rel}","templated":true}]}}